{"id":2851,"date":"2024-09-13T10:06:53","date_gmt":"2024-09-13T08:06:53","guid":{"rendered":"https:\/\/kickelmann.com\/?page_id=2851"},"modified":"2024-09-13T10:08:56","modified_gmt":"2024-09-13T08:08:56","slug":"imprint","status":"publish","type":"page","link":"https:\/\/linearis-beratung.de\/en\/imprint\/","title":{"rendered":"Data protection"},"content":{"rendered":"\t\t<div data-elementor-type=\"wp-page\" data-elementor-id=\"2851\" class=\"elementor elementor-2851 elementor-2850\">\n\t\t\t\t<div class=\"elementor-element elementor-element-be4946a e-flex e-con-boxed e-con e-parent\" data-id=\"be4946a\" data-element_type=\"container\" data-settings=\"{&quot;background_background&quot;:&quot;classic&quot;}\">\n\t\t\t\t\t<div class=\"e-con-inner\">\n\t\t\t\t<div class=\"elementor-element elementor-element-2a5fe3d elementor-widget__width-initial elementor-widget elementor-widget-heading\" data-id=\"2a5fe3d\" data-element_type=\"widget\" data-widget_type=\"heading.default\">\n\t\t\t\t<div class=\"elementor-widget-container\">\n\t\t\t\t\t<h1 class=\"elementor-heading-title elementor-size-default\">Data protection<\/h1>\t\t\t\t<\/div>\n\t\t\t\t<\/div>\n\t\t\t\t\t<\/div>\n\t\t\t\t<\/div>\n\t\t<div class=\"elementor-element elementor-element-e27bec9 e-flex e-con-boxed e-con e-parent\" data-id=\"e27bec9\" data-element_type=\"container\">\n\t\t\t\t\t<div class=\"e-con-inner\">\n\t\t\t\t<div class=\"elementor-element elementor-element-e1de337 elementor-widget elementor-widget-text-editor\" data-id=\"e1de337\" data-element_type=\"widget\" data-widget_type=\"text-editor.default\">\n\t\t\t\t<div class=\"elementor-widget-container\">\n\t\t\t\t\t\t\t\t\t<div id=\"content\" class=\"frame\">\n<div id=\"wb_20\" class=\"section m_wysiwyg\">\n<div id=\"content\" class=\"frame\">\n<div id=\"wb_52\" class=\"section m_wysiwyg\">\n<h1>Privacy policy<\/h1>\n<h2><strong>1. data protection at a glance<\/strong><\/h2>\n<h3><strong>General information<\/strong><\/h3>\n<p>The following information provides a simple overview of what happens to your personal data when you visit our website.<br \/>\nPersonal data is any data that can be used to identify you personally.<br \/>\nDetailed information on the subject of data protection can be found in our data protection declaration listed below this text.  <\/p>\n<h3><strong>Analysis tools and tools from third-party providers<\/strong><\/h3>\n<p>When you visit our website, your surfing behavior may be statistically evaluated.<br \/>\nThis is mainly done using cookies and so-called analysis programs.<br \/>\nThe analysis of your surfing behavior is usually anonymous; the surfing behavior cannot be traced back to you.<br \/>\nYou can object to this analysis or prevent it by not using certain tools.<br \/>\nDetailed information on this can be found in the following privacy policy.    <\/p>\n<p>You can object to this analysis.<br \/>\nWe will inform you about the objection options in this privacy policy. <\/p>\n<h2> <\/h2>\n<h2><strong>2 General notes and mandatory information<\/strong><\/h2>\n<h3><strong>Data protection<\/strong><\/h3>\n<p>The operators of these pages take the protection of your personal data very seriously.<br \/>\nWe treat your personal data confidentially and in accordance with the statutory data protection regulations and this privacy policy. <\/p>\n<p>When you use this website, various personal data is collected.<br \/>\nPersonal data is data that can be used to identify you personally.<br \/>\nThis privacy policy explains what data we collect and what we use it for.<br \/>\nIt also explains how and for what purpose this is done.   <\/p>\n<p>We would like to point out that data transmission over the Internet (e.g. when communicating by e-mail) may be subject to security vulnerabilities.<br \/>\nComplete protection of data against access by third parties is not possible. <\/p>\n<h2> <\/h2>\n<h2><strong>3. data collection on our website<\/strong><\/h2>\n<h3><strong>Cookies<\/strong><\/h3>\n<p>Some of the Internet pages use so-called cookies.<br \/>\nCookies do not damage your computer and do not contain viruses.<br \/>\nCookies are used to make our website more user-friendly, effective and secure.<br \/>\nCookies are small text files that are stored on your computer and saved by your browser.   <\/p>\n<p>Most of the cookies we use are so-called &#8220;session cookies&#8221;.<br \/>\nThey are automatically deleted at the end of your visit.<br \/>\nOther cookies remain stored on your end device until you delete them.<br \/>\nThese cookies enable us to recognize your browser on your next visit.   <\/p>\n<p>You can set your browser so that you are informed about the setting of cookies and only allow cookies in individual cases, exclude the acceptance of cookies for certain cases or in general and activate the automatic deletion of cookies when closing the browser.<br \/>\nIf cookies are deactivated, the functionality of this website may be restricted. <\/p>\n<p>Cookies that are required to carry out the electronic communication process or to provide certain functions that you have requested (e.g. shopping cart function) are stored on the basis of Art. 6 para.<br \/>\n1 lit.<br \/>\nf GDPR are stored.<br \/>\nThe website operator has a legitimate interest in the storage of cookies for the technically error-free and optimized provision of its services.<br \/>\nInsofar as other cookies (e.g. cookies to analyze your surfing behavior) are stored, these are treated separately in this privacy policy.    <\/p>\n<h3><strong>Server log files<\/strong><\/h3>\n<p>The provider of the pages automatically collects and stores information in so-called server log files, which your browser automatically transmits to us.<br \/>\nThese are <\/p>\n<ul>\n<li>Browser type and browser version<\/li>\n<li>Operating system used<\/li>\n<li>Referrer URL<\/li>\n<li>Host name of the accessing computer<\/li>\n<li>Time of the server request<\/li>\n<li>IP address<\/li>\n<\/ul>\n<p>This data is not merged with other data sources.<\/p>\n<p>The basis for data processing is Art. 6 para.<br \/>\n1 lit.<br \/>\nf GDPR, which permits the processing of data for the performance of a contract or pre-contractual measures.  <\/p>\n<h2> <\/h2>\n<h2><strong>4. analysis tools and advertising<\/strong><\/h2>\n<h3><strong>Google Analytics<\/strong><\/h3>\n<p>This website uses functions of the web analysis service Google Analytics. The provider is Google Inc, 1600 Amphitheatre Parkway, Mountain View, CA 94043, USA.<\/p>\n<p>Google Analytics uses so-called &#8220;cookies&#8221;.<br \/>\nThese are text files that are stored on your computer and enable your use of the website to be analyzed.<br \/>\nThe information generated by the cookie about your use of this website is usually transferred to a Google server in the USA and stored there.  <\/p>\n<p>The storage of Google Analytics cookies takes place on the basis of Art. 6 para.<br \/>\n1 lit.<br \/>\nf GDPR.<br \/>\nThe website operator has a legitimate interest in analyzing user behavior in order to optimize both its website and its advertising.   <\/p>\n<p><strong>IP anonymization<\/strong><\/p>\n<p>We have activated the IP anonymization function on this website.<br \/>\nThis means that your IP address will be truncated by Google within member states of the European Union or in other signatory states to the Agreement on the European Economic Area before being transmitted to the USA.<br \/>\nOnly in exceptional cases will the full IP address be transmitted to a Google server in the USA and shortened there.<br \/>\nGoogle will use this information on behalf of the operator of this website for the purpose of evaluating your use of the website, compiling reports on website activity and providing other services relating to website activity and internet usage to the website operator.<br \/>\nThe IP address transmitted by your browser as part of Google Analytics will not be merged with other Google data.    <\/p>\n<p><strong>Browser plugin<\/strong><\/p>\n<p>You may refuse the use of cookies by selecting the appropriate settings on your browser, however please note that if you do this you may not be able to use the full functionality of this website.<br \/>\nYou can also prevent Google from collecting the data generated by the cookie and relating to your use of the website (including your IP address) and from processing this data by Google by downloading and installing the browser plug-in available at the following link: <a href=\"https:\/\/tools.google.com\/dlpage\/gaoptout?hl=de\" target=\"_blank\" rel=\"noopener\">https:\/\/tools.google.com\/dlpage\/gaoptout?hl=de.<\/a> <\/p>\n<p><strong>Objection to data collection<\/strong><\/p>\n<p>You can prevent the collection of your data by Google Analytics by clicking on the following link.<br \/>\nAn opt-out cookie will be set to prevent your data from being collected on future visits to this website: <a>Deactivate Google Analytics<\/a>. <\/p>\n<p>You can find more information on how Google Analytics handles user data in Google&#8217;s privacy policy: <a href=\"https:\/\/support.google.com\/analytics\/answer\/6004245?hl=de\" target=\"_blank\" rel=\"noopener\">https:\/\/support.google.com\/analytics\/answer\/6004245?hl=de.<\/a><\/p>\n<p><strong>Order data processing<\/strong><\/p>\n<p>We have concluded a contract with Google for commissioned data processing and fully implement the strict requirements of the German data protection authorities when using Google Analytics.<\/p>\n<p><strong>Demographic characteristics in Google Analytics<\/strong><\/p>\n<p>This website uses the &#8220;demographic characteristics&#8221; function of Google Analytics.<br \/>\nThis allows reports to be created that contain statements about the age, gender and interests of site visitors.<br \/>\nThis data comes from interest-based advertising from Google and from visitor data from third-party providers.<br \/>\nThis data cannot be assigned to a specific person.<br \/>\nYou can deactivate this function at any time via the ad settings in your Google account or generally prohibit the collection of your data by Google Analytics as described in the section &#8220;Objection to data collection&#8221;.    <\/p>\n<h2> <\/h2>\n<h2><strong>5. plugins and tools<\/strong><\/h2>\n<h3><strong>Google Maps<\/strong><\/h3>\n<p>This site uses the map service Google Maps via an API. The provider is Google Inc, 1600 Amphitheatre Parkway, Mountain View, CA 94043, USA.<\/p>\n<p>To use the functions of Google Maps, it is necessary to save your IP address.<br \/>\nThis information is usually transmitted to a Google server in the USA and stored there.<br \/>\nThe provider of this site has no influence on this data transfer.  <\/p>\n<p>The use of Google Maps is in the interest of an appealing presentation of our online offers and to make it easy to find the places we have indicated on the website.<br \/>\nThis constitutes a legitimate interest within the meaning of Art. 6 para.<br \/>\n1 lit.<br \/>\nf GDPR.   <\/p>\n<p>You can find more information on the handling of user data in Google&#8217;s privacy policy: <a href=\"https:\/\/www.google.de\/intl\/de\/policies\/privacy\/\" target=\"_blank\" rel=\"noopener\">https:\/\/www.google.de\/intl\/de\/policies\/privacy\/.<\/a><\/p>\n<\/div>\n<\/div>\n<div id=\"footer\"> <\/div>\n<\/div>\n<\/div>\n\t\t\t\t\t\t\t\t<\/div>\n\t\t\t\t<\/div>\n\t\t\t\t\t<\/div>\n\t\t\t\t<\/div>\n\t\t\t\t<\/div>\n\t\t","protected":false},"excerpt":{"rendered":"<p>Data protection Privacy policy 1. data protection at a glance General information The following information provides a simple overview of [&hellip;]<\/p>\n","protected":false},"author":1,"featured_media":0,"parent":0,"menu_order":0,"comment_status":"closed","ping_status":"closed","template":"","meta":{"site-sidebar-layout":"no-sidebar","site-content-layout":"","ast-site-content-layout":"full-width-container","site-content-style":"default","site-sidebar-style":"default","ast-global-header-display":"","ast-banner-title-visibility":"","ast-main-header-display":"","ast-hfb-above-header-display":"","ast-hfb-below-header-display":"","ast-hfb-mobile-header-display":"","site-post-title":"disabled","ast-breadcrumbs-content":"","ast-featured-img":"disabled","footer-sml-layout":"","ast-disable-related-posts":"","theme-transparent-header-meta":"enabled","adv-header-id-meta":"","stick-header-meta":"","header-above-stick-meta":"","header-main-stick-meta":"","header-below-stick-meta":"","astra-migrate-meta-layouts":"default","ast-page-background-enabled":"default","ast-page-background-meta":{"desktop":{"background-color":"var(--ast-global-color-4)","background-image":"","background-repeat":"repeat","background-position":"center center","background-size":"auto","background-attachment":"scroll","background-type":"","background-media":"","overlay-type":"","overlay-color":"","overlay-opacity":"","overlay-gradient":""},"tablet":{"background-color":"","background-image":"","background-repeat":"repeat","background-position":"center center","background-size":"auto","background-attachment":"scroll","background-type":"","background-media":"","overlay-type":"","overlay-color":"","overlay-opacity":"","overlay-gradient":""},"mobile":{"background-color":"","background-image":"","background-repeat":"repeat","background-position":"center center","background-size":"auto","background-attachment":"scroll","background-type":"","background-media":"","overlay-type":"","overlay-color":"","overlay-opacity":"","overlay-gradient":""}},"ast-content-background-meta":{"desktop":{"background-color":"var(--ast-global-color-5)","background-image":"","background-repeat":"repeat","background-position":"center center","background-size":"auto","background-attachment":"scroll","background-type":"","background-media":"","overlay-type":"","overlay-color":"","overlay-opacity":"","overlay-gradient":""},"tablet":{"background-color":"var(--ast-global-color-5)","background-image":"","background-repeat":"repeat","background-position":"center center","background-size":"auto","background-attachment":"scroll","background-type":"","background-media":"","overlay-type":"","overlay-color":"","overlay-opacity":"","overlay-gradient":""},"mobile":{"background-color":"var(--ast-global-color-5)","background-image":"","background-repeat":"repeat","background-position":"center center","background-size":"auto","background-attachment":"scroll","background-type":"","background-media":"","overlay-type":"","overlay-color":"","overlay-opacity":"","overlay-gradient":""}},"footnotes":""},"class_list":["post-2851","page","type-page","status-publish","hentry"],"yoast_head":"<!-- This site is optimized with the Yoast SEO Premium plugin v26.4 (Yoast SEO v27.3) - https:\/\/yoast.com\/product\/yoast-seo-premium-wordpress\/ -->\n<title>Data protection - Linearis Beratungs GmbH \u2013 Ihr Partner f\u00fcr Beratung in der Mobilit\u00e4tsindustrie in Deutschland<\/title>\n<meta name=\"robots\" content=\"index, follow, max-snippet:-1, max-image-preview:large, max-video-preview:-1\" \/>\n<link rel=\"canonical\" href=\"https:\/\/linearis-beratung.de\/en\/imprint\/\" \/>\n<meta property=\"og:locale\" content=\"en_US\" \/>\n<meta property=\"og:type\" content=\"article\" \/>\n<meta property=\"og:title\" content=\"Data protection\" \/>\n<meta property=\"og:description\" content=\"Data protection Privacy policy 1. data protection at a glance General information The following information provides a simple overview of [&hellip;]\" \/>\n<meta property=\"og:url\" content=\"https:\/\/linearis-beratung.de\/en\/imprint\/\" \/>\n<meta property=\"og:site_name\" content=\"Linearis Beratungs GmbH \u2013 Ihr Partner f\u00fcr Beratung in der Mobilit\u00e4tsindustrie in Deutschland\" \/>\n<meta property=\"article:modified_time\" content=\"2024-09-13T08:08:56+00:00\" \/>\n<meta property=\"og:image\" content=\"https:\/\/linearis-beratung.de\/wp-content\/uploads\/2024\/08\/iStock-959376512.jpg\" \/>\n\t<meta property=\"og:image:width\" content=\"2119\" \/>\n\t<meta property=\"og:image:height\" content=\"1414\" \/>\n\t<meta property=\"og:image:type\" content=\"image\/jpeg\" \/>\n<meta name=\"twitter:card\" content=\"summary_large_image\" \/>\n<meta name=\"twitter:label1\" content=\"Est. reading time\" \/>\n\t<meta name=\"twitter:data1\" content=\"6 minutes\" \/>\n<script type=\"application\/ld+json\" class=\"yoast-schema-graph\">{\"@context\":\"https:\\\/\\\/schema.org\",\"@graph\":[{\"@type\":\"WebPage\",\"@id\":\"https:\\\/\\\/linearis-beratung.de\\\/en\\\/imprint\\\/\",\"url\":\"https:\\\/\\\/linearis-beratung.de\\\/en\\\/imprint\\\/\",\"name\":\"Data protection - Linearis Beratungs GmbH \u2013 Ihr Partner f\u00fcr Beratung in der Mobilit\u00e4tsindustrie in Deutschland\",\"isPartOf\":{\"@id\":\"https:\\\/\\\/linearis-beratung.de\\\/#website\"},\"datePublished\":\"2024-09-13T08:06:53+00:00\",\"dateModified\":\"2024-09-13T08:08:56+00:00\",\"breadcrumb\":{\"@id\":\"https:\\\/\\\/linearis-beratung.de\\\/en\\\/imprint\\\/#breadcrumb\"},\"inLanguage\":\"en-US\",\"potentialAction\":[{\"@type\":\"ReadAction\",\"target\":[\"https:\\\/\\\/linearis-beratung.de\\\/en\\\/imprint\\\/\"]}]},{\"@type\":\"BreadcrumbList\",\"@id\":\"https:\\\/\\\/linearis-beratung.de\\\/en\\\/imprint\\\/#breadcrumb\",\"itemListElement\":[{\"@type\":\"ListItem\",\"position\":1,\"name\":\"Startseite\",\"item\":\"https:\\\/\\\/linearis-beratung.de\\\/en\\\/start\\\/\"},{\"@type\":\"ListItem\",\"position\":2,\"name\":\"Data protection\"}]},{\"@type\":\"WebSite\",\"@id\":\"https:\\\/\\\/linearis-beratung.de\\\/#website\",\"url\":\"https:\\\/\\\/linearis-beratung.de\\\/\",\"name\":\"Linearis Beratungs GmbH \u2013 Ihr Partner f\u00fcr Beratung in der Mobilit\u00e4tsindustrie in Deutschland\",\"description\":\"Experten f\u00fcr Fachkr\u00e4fte-Recruiting, Strategie-und Organisationsberatung in der Mobilit\u00e4tsbranche in Deutschland\",\"publisher\":{\"@id\":\"https:\\\/\\\/linearis-beratung.de\\\/#organization\"},\"potentialAction\":[{\"@type\":\"SearchAction\",\"target\":{\"@type\":\"EntryPoint\",\"urlTemplate\":\"https:\\\/\\\/linearis-beratung.de\\\/?s={search_term_string}\"},\"query-input\":{\"@type\":\"PropertyValueSpecification\",\"valueRequired\":true,\"valueName\":\"search_term_string\"}}],\"inLanguage\":\"en-US\"},{\"@type\":\"Organization\",\"@id\":\"https:\\\/\\\/linearis-beratung.de\\\/#organization\",\"name\":\"Linearis Beratungs GmbH \u2013 Ihr Partner f\u00fcr Beratung in der Mobilit\u00e4tsindustrie in Deutschland\",\"url\":\"https:\\\/\\\/linearis-beratung.de\\\/\",\"logo\":{\"@type\":\"ImageObject\",\"inLanguage\":\"en-US\",\"@id\":\"https:\\\/\\\/linearis-beratung.de\\\/#\\\/schema\\\/logo\\\/image\\\/\",\"url\":\"https:\\\/\\\/linearis-beratung.de\\\/wp-content\\\/uploads\\\/2024\\\/08\\\/Linearis-Logo.png\",\"contentUrl\":\"https:\\\/\\\/linearis-beratung.de\\\/wp-content\\\/uploads\\\/2024\\\/08\\\/Linearis-Logo.png\",\"width\":1495,\"height\":415,\"caption\":\"Linearis Beratungs GmbH \u2013 Ihr Partner f\u00fcr Beratung in der Mobilit\u00e4tsindustrie in Deutschland\"},\"image\":{\"@id\":\"https:\\\/\\\/linearis-beratung.de\\\/#\\\/schema\\\/logo\\\/image\\\/\"},\"sameAs\":[\"https:\\\/\\\/www.linkedin.com\\\/company\\\/linearis-beratungs-gmbh\\\/\",\"https:\\\/\\\/www.xing.com\\\/pages\\\/linearisberatungs-gmbh\"]}]}<\/script>\n<!-- \/ Yoast SEO Premium plugin. -->","yoast_head_json":{"title":"Data protection - Linearis Beratungs GmbH \u2013 Ihr Partner f\u00fcr Beratung in der Mobilit\u00e4tsindustrie in Deutschland","robots":{"index":"index","follow":"follow","max-snippet":"max-snippet:-1","max-image-preview":"max-image-preview:large","max-video-preview":"max-video-preview:-1"},"canonical":"https:\/\/linearis-beratung.de\/en\/imprint\/","og_locale":"en_US","og_type":"article","og_title":"Data protection","og_description":"Data protection Privacy policy 1. data protection at a glance General information The following information provides a simple overview of [&hellip;]","og_url":"https:\/\/linearis-beratung.de\/en\/imprint\/","og_site_name":"Linearis Beratungs GmbH \u2013 Ihr Partner f\u00fcr Beratung in der Mobilit\u00e4tsindustrie in Deutschland","article_modified_time":"2024-09-13T08:08:56+00:00","og_image":[{"width":2119,"height":1414,"url":"https:\/\/linearis-beratung.de\/wp-content\/uploads\/2024\/08\/iStock-959376512.jpg","type":"image\/jpeg"}],"twitter_card":"summary_large_image","twitter_misc":{"Est. reading time":"6 minutes"},"schema":{"@context":"https:\/\/schema.org","@graph":[{"@type":"WebPage","@id":"https:\/\/linearis-beratung.de\/en\/imprint\/","url":"https:\/\/linearis-beratung.de\/en\/imprint\/","name":"Data protection - Linearis Beratungs GmbH \u2013 Ihr Partner f\u00fcr Beratung in der Mobilit\u00e4tsindustrie in Deutschland","isPartOf":{"@id":"https:\/\/linearis-beratung.de\/#website"},"datePublished":"2024-09-13T08:06:53+00:00","dateModified":"2024-09-13T08:08:56+00:00","breadcrumb":{"@id":"https:\/\/linearis-beratung.de\/en\/imprint\/#breadcrumb"},"inLanguage":"en-US","potentialAction":[{"@type":"ReadAction","target":["https:\/\/linearis-beratung.de\/en\/imprint\/"]}]},{"@type":"BreadcrumbList","@id":"https:\/\/linearis-beratung.de\/en\/imprint\/#breadcrumb","itemListElement":[{"@type":"ListItem","position":1,"name":"Startseite","item":"https:\/\/linearis-beratung.de\/en\/start\/"},{"@type":"ListItem","position":2,"name":"Data protection"}]},{"@type":"WebSite","@id":"https:\/\/linearis-beratung.de\/#website","url":"https:\/\/linearis-beratung.de\/","name":"Linearis Beratungs GmbH \u2013 Ihr Partner f\u00fcr Beratung in der Mobilit\u00e4tsindustrie in Deutschland","description":"Experten f\u00fcr Fachkr\u00e4fte-Recruiting, Strategie-und Organisationsberatung in der Mobilit\u00e4tsbranche in Deutschland","publisher":{"@id":"https:\/\/linearis-beratung.de\/#organization"},"potentialAction":[{"@type":"SearchAction","target":{"@type":"EntryPoint","urlTemplate":"https:\/\/linearis-beratung.de\/?s={search_term_string}"},"query-input":{"@type":"PropertyValueSpecification","valueRequired":true,"valueName":"search_term_string"}}],"inLanguage":"en-US"},{"@type":"Organization","@id":"https:\/\/linearis-beratung.de\/#organization","name":"Linearis Beratungs GmbH \u2013 Ihr Partner f\u00fcr Beratung in der Mobilit\u00e4tsindustrie in Deutschland","url":"https:\/\/linearis-beratung.de\/","logo":{"@type":"ImageObject","inLanguage":"en-US","@id":"https:\/\/linearis-beratung.de\/#\/schema\/logo\/image\/","url":"https:\/\/linearis-beratung.de\/wp-content\/uploads\/2024\/08\/Linearis-Logo.png","contentUrl":"https:\/\/linearis-beratung.de\/wp-content\/uploads\/2024\/08\/Linearis-Logo.png","width":1495,"height":415,"caption":"Linearis Beratungs GmbH \u2013 Ihr Partner f\u00fcr Beratung in der Mobilit\u00e4tsindustrie in Deutschland"},"image":{"@id":"https:\/\/linearis-beratung.de\/#\/schema\/logo\/image\/"},"sameAs":["https:\/\/www.linkedin.com\/company\/linearis-beratungs-gmbh\/","https:\/\/www.xing.com\/pages\/linearisberatungs-gmbh"]}]}},"_links":{"self":[{"href":"https:\/\/linearis-beratung.de\/en\/wp-json\/wp\/v2\/pages\/2851","targetHints":{"allow":["GET"]}}],"collection":[{"href":"https:\/\/linearis-beratung.de\/en\/wp-json\/wp\/v2\/pages"}],"about":[{"href":"https:\/\/linearis-beratung.de\/en\/wp-json\/wp\/v2\/types\/page"}],"author":[{"embeddable":true,"href":"https:\/\/linearis-beratung.de\/en\/wp-json\/wp\/v2\/users\/1"}],"replies":[{"embeddable":true,"href":"https:\/\/linearis-beratung.de\/en\/wp-json\/wp\/v2\/comments?post=2851"}],"version-history":[{"count":0,"href":"https:\/\/linearis-beratung.de\/en\/wp-json\/wp\/v2\/pages\/2851\/revisions"}],"wp:attachment":[{"href":"https:\/\/linearis-beratung.de\/en\/wp-json\/wp\/v2\/media?parent=2851"}],"curies":[{"name":"wp","href":"https:\/\/api.w.org\/{rel}","templated":true}]}}