{"id":2841,"date":"2024-09-13T09:59:33","date_gmt":"2024-09-13T07:59:33","guid":{"rendered":"https:\/\/kickelmann.com\/?page_id=2841"},"modified":"2024-09-13T10:04:03","modified_gmt":"2024-09-13T08:04:03","slug":"strategy-consulting-2","status":"publish","type":"page","link":"https:\/\/linearis-beratung.de\/en\/strategy-consulting-2\/","title":{"rendered":"Imprint"},"content":{"rendered":"\t\t<div data-elementor-type=\"wp-page\" data-elementor-id=\"2841\" class=\"elementor elementor-2841 elementor-2840\">\n\t\t\t\t<div class=\"elementor-element elementor-element-be4946a e-flex e-con-boxed e-con e-parent\" data-id=\"be4946a\" data-element_type=\"container\" data-settings=\"{&quot;background_background&quot;:&quot;classic&quot;}\">\n\t\t\t\t\t<div class=\"e-con-inner\">\n\t\t\t\t<div class=\"elementor-element elementor-element-2a5fe3d elementor-widget__width-initial elementor-widget elementor-widget-heading\" data-id=\"2a5fe3d\" data-element_type=\"widget\" data-widget_type=\"heading.default\">\n\t\t\t\t<div class=\"elementor-widget-container\">\n\t\t\t\t\t<h1 class=\"elementor-heading-title elementor-size-default\">Imprint<\/h1>\t\t\t\t<\/div>\n\t\t\t\t<\/div>\n\t\t\t\t\t<\/div>\n\t\t\t\t<\/div>\n\t\t<div class=\"elementor-element elementor-element-e27bec9 e-flex e-con-boxed e-con e-parent\" data-id=\"e27bec9\" data-element_type=\"container\">\n\t\t\t\t\t<div class=\"e-con-inner\">\n\t\t\t\t<div class=\"elementor-element elementor-element-e1de337 elementor-widget elementor-widget-text-editor\" data-id=\"e1de337\" data-element_type=\"widget\" data-widget_type=\"text-editor.default\">\n\t\t\t\t<div class=\"elementor-widget-container\">\n\t\t\t\t\t\t\t\t\t<div id=\"content\" class=\"frame\">\n<div id=\"wb_20\" class=\"section m_wysiwyg\">\n<h1>Imprint<\/h1>\n<h2>Information according to \u00a7 5 TMG:<\/h2>\n<p>LINEARIS Beratungs-GmbH<br \/>August-Bebel-Stra\u00dfe 15<br \/>45525 Hattingen<\/p>\n<h2>Represented by:<\/h2>\n<p>Managing Director: Sarah Martin<\/p>\n<h2>Contact:<\/h2>\n<p>Phone: +49 (0)2324 68 36 555<br \/>Fax: +49 (0)2324 68 36 556<br \/>E-mail: info@linearis-beratung.de<\/p>\n<h2>Register entry:<\/h2>\n<p>Entry in the commercial register.<br \/>Register court:Essen Local Court<br \/>Register number: HRB 21678<\/p>\n<h2>Value added tax:<\/h2>\n<p>Sales tax identification number according to \u00a727 a sales tax law:<br \/>DE267452389   <\/p>\n<h2>Dispute resolution<\/h2>\n<p>The European Commission provides a platform for online dispute resolution (OS): <a href=\"https:\/\/ec.europa.eu\/consumers\/odr\" target=\"_blank\" rel=\"noopener\">https:\/\/ec.europa.eu\/consumers\/odr.<\/a><br \/>You can find our email address in the legal notice above.<\/p>\n<p>We are not willing or obliged to participate in dispute resolution proceedings before a consumer arbitration board.<\/p>\n<h3>Liability for content<\/h3>\n<p>As a service provider we are responsible according to \u00a7 7 Abs.1<br \/>\nTMG, we are responsible for our own content on these pages in accordance with general laws.<br \/>\nAccording to \u00a7\u00a7 8 to 10 TMG, however, we as a service provider are not obliged to monitor transmitted or stored third-party information or to investigate circumstances that indicate illegal activity.  <\/p>\n<p>Obligations to remove or block the use of information in accordance with general legislation remain unaffected by this.<br \/>\nHowever, liability in this respect is only possible from the time we become aware of a specific infringement.<br \/>\nAs soon as we become aware of such infringements, we will remove this content immediately.  <\/p>\n<h3>Liability for links<\/h3>\n<p>Our website contains links to external third-party websites over whose content we have no influence.<br \/>\nTherefore, we cannot accept any liability for this third-party content.<br \/>\nThe respective provider or operator of the pages is always responsible for the content of the linked pages.<br \/>\nThe linked pages were checked for possible legal violations at the time of linking.<br \/>\nIllegal contents were not recognizable at the time of linking.    <\/p>\n<p>However, permanent monitoring of the content of the linked pages is not reasonable without concrete evidence of an infringement.<br \/>\nIf we become aware of any legal infringements, we will remove such links immediately. <\/p>\n<h3>Copyright<\/h3>\n<p>The content and works created by the site operators on these pages are subject to German copyright law.<br \/>\nDuplication, processing, distribution and any form of commercialization of such material beyond the scope of the copyright law shall require the prior written consent of its respective author or creator.<br \/>\nDownloads and copies of this site are only permitted for private, non-commercial use.  <\/p>\n<p>Insofar as the content on this site was not created by the operator, the copyrights of third parties are respected.<br \/>\nIn particular, third-party content is identified as such.<br \/>\nShould you nevertheless become aware of a copyright infringement, please inform us accordingly.<br \/>\nIf we become aware of any infringements, we will remove such content immediately.   <\/p>\n<\/div>\n<\/div>\n<div id=\"footer\"> <\/div>\n\t\t\t\t\t\t\t\t<\/div>\n\t\t\t\t<\/div>\n\t\t\t\t\t<\/div>\n\t\t\t\t<\/div>\n\t\t\t\t<\/div>\n\t\t","protected":false},"excerpt":{"rendered":"<p>Imprint Imprint Information according to \u00a7 5 TMG: LINEARIS Beratungs-GmbHAugust-Bebel-Stra\u00dfe 1545525 Hattingen Represented by: Managing Director: Sarah Martin Contact: Phone: [&hellip;]<\/p>\n","protected":false},"author":1,"featured_media":0,"parent":0,"menu_order":0,"comment_status":"closed","ping_status":"closed","template":"","meta":{"site-sidebar-layout":"no-sidebar","site-content-layout":"","ast-site-content-layout":"full-width-container","site-content-style":"default","site-sidebar-style":"default","ast-global-header-display":"","ast-banner-title-visibility":"","ast-main-header-display":"","ast-hfb-above-header-display":"","ast-hfb-below-header-display":"","ast-hfb-mobile-header-display":"","site-post-title":"disabled","ast-breadcrumbs-content":"","ast-featured-img":"disabled","footer-sml-layout":"","ast-disable-related-posts":"","theme-transparent-header-meta":"enabled","adv-header-id-meta":"","stick-header-meta":"","header-above-stick-meta":"","header-main-stick-meta":"","header-below-stick-meta":"","astra-migrate-meta-layouts":"default","ast-page-background-enabled":"default","ast-page-background-meta":{"desktop":{"background-color":"var(--ast-global-color-4)","background-image":"","background-repeat":"repeat","background-position":"center center","background-size":"auto","background-attachment":"scroll","background-type":"","background-media":"","overlay-type":"","overlay-color":"","overlay-opacity":"","overlay-gradient":""},"tablet":{"background-color":"","background-image":"","background-repeat":"repeat","background-position":"center center","background-size":"auto","background-attachment":"scroll","background-type":"","background-media":"","overlay-type":"","overlay-color":"","overlay-opacity":"","overlay-gradient":""},"mobile":{"background-color":"","background-image":"","background-repeat":"repeat","background-position":"center center","background-size":"auto","background-attachment":"scroll","background-type":"","background-media":"","overlay-type":"","overlay-color":"","overlay-opacity":"","overlay-gradient":""}},"ast-content-background-meta":{"desktop":{"background-color":"var(--ast-global-color-5)","background-image":"","background-repeat":"repeat","background-position":"center center","background-size":"auto","background-attachment":"scroll","background-type":"","background-media":"","overlay-type":"","overlay-color":"","overlay-opacity":"","overlay-gradient":""},"tablet":{"background-color":"var(--ast-global-color-5)","background-image":"","background-repeat":"repeat","background-position":"center center","background-size":"auto","background-attachment":"scroll","background-type":"","background-media":"","overlay-type":"","overlay-color":"","overlay-opacity":"","overlay-gradient":""},"mobile":{"background-color":"var(--ast-global-color-5)","background-image":"","background-repeat":"repeat","background-position":"center center","background-size":"auto","background-attachment":"scroll","background-type":"","background-media":"","overlay-type":"","overlay-color":"","overlay-opacity":"","overlay-gradient":""}},"footnotes":""},"class_list":["post-2841","page","type-page","status-publish","hentry"],"yoast_head":"<!-- This site is optimized with the Yoast SEO Premium plugin v26.4 (Yoast SEO v27.3) - https:\/\/yoast.com\/product\/yoast-seo-premium-wordpress\/ -->\n<title>Imprint - Linearis Beratungs GmbH \u2013 Ihr Partner f\u00fcr Beratung in der Mobilit\u00e4tsindustrie in Deutschland<\/title>\n<meta name=\"robots\" content=\"index, follow, max-snippet:-1, max-image-preview:large, max-video-preview:-1\" \/>\n<link rel=\"canonical\" href=\"https:\/\/linearis-beratung.de\/en\/strategy-consulting-2\/\" \/>\n<meta property=\"og:locale\" content=\"en_US\" \/>\n<meta property=\"og:type\" content=\"article\" \/>\n<meta property=\"og:title\" content=\"Imprint\" \/>\n<meta property=\"og:description\" content=\"Imprint Imprint Information according to \u00a7 5 TMG: LINEARIS Beratungs-GmbHAugust-Bebel-Stra\u00dfe 1545525 Hattingen Represented by: Managing Director: Sarah Martin Contact: Phone: [&hellip;]\" \/>\n<meta property=\"og:url\" content=\"https:\/\/linearis-beratung.de\/en\/strategy-consulting-2\/\" \/>\n<meta property=\"og:site_name\" content=\"Linearis Beratungs GmbH \u2013 Ihr Partner f\u00fcr Beratung in der Mobilit\u00e4tsindustrie in Deutschland\" \/>\n<meta property=\"article:modified_time\" content=\"2024-09-13T08:04:03+00:00\" \/>\n<meta property=\"og:image\" content=\"https:\/\/linearis-beratung.de\/wp-content\/uploads\/2024\/08\/iStock-959376512.jpg\" \/>\n\t<meta property=\"og:image:width\" content=\"2119\" \/>\n\t<meta property=\"og:image:height\" content=\"1414\" \/>\n\t<meta property=\"og:image:type\" content=\"image\/jpeg\" \/>\n<meta name=\"twitter:card\" content=\"summary_large_image\" \/>\n<meta name=\"twitter:label1\" content=\"Est. reading time\" \/>\n\t<meta name=\"twitter:data1\" content=\"2 minutes\" \/>\n<script type=\"application\/ld+json\" class=\"yoast-schema-graph\">{\"@context\":\"https:\\\/\\\/schema.org\",\"@graph\":[{\"@type\":\"WebPage\",\"@id\":\"https:\\\/\\\/linearis-beratung.de\\\/en\\\/strategy-consulting-2\\\/\",\"url\":\"https:\\\/\\\/linearis-beratung.de\\\/en\\\/strategy-consulting-2\\\/\",\"name\":\"Imprint - Linearis Beratungs GmbH \u2013 Ihr Partner f\u00fcr Beratung in der Mobilit\u00e4tsindustrie in Deutschland\",\"isPartOf\":{\"@id\":\"https:\\\/\\\/linearis-beratung.de\\\/#website\"},\"datePublished\":\"2024-09-13T07:59:33+00:00\",\"dateModified\":\"2024-09-13T08:04:03+00:00\",\"breadcrumb\":{\"@id\":\"https:\\\/\\\/linearis-beratung.de\\\/en\\\/strategy-consulting-2\\\/#breadcrumb\"},\"inLanguage\":\"en-US\",\"potentialAction\":[{\"@type\":\"ReadAction\",\"target\":[\"https:\\\/\\\/linearis-beratung.de\\\/en\\\/strategy-consulting-2\\\/\"]}]},{\"@type\":\"BreadcrumbList\",\"@id\":\"https:\\\/\\\/linearis-beratung.de\\\/en\\\/strategy-consulting-2\\\/#breadcrumb\",\"itemListElement\":[{\"@type\":\"ListItem\",\"position\":1,\"name\":\"Startseite\",\"item\":\"https:\\\/\\\/linearis-beratung.de\\\/en\\\/start\\\/\"},{\"@type\":\"ListItem\",\"position\":2,\"name\":\"Imprint\"}]},{\"@type\":\"WebSite\",\"@id\":\"https:\\\/\\\/linearis-beratung.de\\\/#website\",\"url\":\"https:\\\/\\\/linearis-beratung.de\\\/\",\"name\":\"Linearis Beratungs GmbH \u2013 Ihr Partner f\u00fcr Beratung in der Mobilit\u00e4tsindustrie in Deutschland\",\"description\":\"Experten f\u00fcr Fachkr\u00e4fte-Recruiting, Strategie-und Organisationsberatung in der Mobilit\u00e4tsbranche in Deutschland\",\"publisher\":{\"@id\":\"https:\\\/\\\/linearis-beratung.de\\\/#organization\"},\"potentialAction\":[{\"@type\":\"SearchAction\",\"target\":{\"@type\":\"EntryPoint\",\"urlTemplate\":\"https:\\\/\\\/linearis-beratung.de\\\/?s={search_term_string}\"},\"query-input\":{\"@type\":\"PropertyValueSpecification\",\"valueRequired\":true,\"valueName\":\"search_term_string\"}}],\"inLanguage\":\"en-US\"},{\"@type\":\"Organization\",\"@id\":\"https:\\\/\\\/linearis-beratung.de\\\/#organization\",\"name\":\"Linearis Beratungs GmbH \u2013 Ihr Partner f\u00fcr Beratung in der Mobilit\u00e4tsindustrie in Deutschland\",\"url\":\"https:\\\/\\\/linearis-beratung.de\\\/\",\"logo\":{\"@type\":\"ImageObject\",\"inLanguage\":\"en-US\",\"@id\":\"https:\\\/\\\/linearis-beratung.de\\\/#\\\/schema\\\/logo\\\/image\\\/\",\"url\":\"https:\\\/\\\/linearis-beratung.de\\\/wp-content\\\/uploads\\\/2024\\\/08\\\/Linearis-Logo.png\",\"contentUrl\":\"https:\\\/\\\/linearis-beratung.de\\\/wp-content\\\/uploads\\\/2024\\\/08\\\/Linearis-Logo.png\",\"width\":1495,\"height\":415,\"caption\":\"Linearis Beratungs GmbH \u2013 Ihr Partner f\u00fcr Beratung in der Mobilit\u00e4tsindustrie in Deutschland\"},\"image\":{\"@id\":\"https:\\\/\\\/linearis-beratung.de\\\/#\\\/schema\\\/logo\\\/image\\\/\"},\"sameAs\":[\"https:\\\/\\\/www.linkedin.com\\\/company\\\/linearis-beratungs-gmbh\\\/\",\"https:\\\/\\\/www.xing.com\\\/pages\\\/linearisberatungs-gmbh\"]}]}<\/script>\n<!-- \/ Yoast SEO Premium plugin. -->","yoast_head_json":{"title":"Imprint - Linearis Beratungs GmbH \u2013 Ihr Partner f\u00fcr Beratung in der Mobilit\u00e4tsindustrie in Deutschland","robots":{"index":"index","follow":"follow","max-snippet":"max-snippet:-1","max-image-preview":"max-image-preview:large","max-video-preview":"max-video-preview:-1"},"canonical":"https:\/\/linearis-beratung.de\/en\/strategy-consulting-2\/","og_locale":"en_US","og_type":"article","og_title":"Imprint","og_description":"Imprint Imprint Information according to \u00a7 5 TMG: LINEARIS Beratungs-GmbHAugust-Bebel-Stra\u00dfe 1545525 Hattingen Represented by: Managing Director: Sarah Martin Contact: Phone: [&hellip;]","og_url":"https:\/\/linearis-beratung.de\/en\/strategy-consulting-2\/","og_site_name":"Linearis Beratungs GmbH \u2013 Ihr Partner f\u00fcr Beratung in der Mobilit\u00e4tsindustrie in Deutschland","article_modified_time":"2024-09-13T08:04:03+00:00","og_image":[{"width":2119,"height":1414,"url":"https:\/\/linearis-beratung.de\/wp-content\/uploads\/2024\/08\/iStock-959376512.jpg","type":"image\/jpeg"}],"twitter_card":"summary_large_image","twitter_misc":{"Est. reading time":"2 minutes"},"schema":{"@context":"https:\/\/schema.org","@graph":[{"@type":"WebPage","@id":"https:\/\/linearis-beratung.de\/en\/strategy-consulting-2\/","url":"https:\/\/linearis-beratung.de\/en\/strategy-consulting-2\/","name":"Imprint - Linearis Beratungs GmbH \u2013 Ihr Partner f\u00fcr Beratung in der Mobilit\u00e4tsindustrie in Deutschland","isPartOf":{"@id":"https:\/\/linearis-beratung.de\/#website"},"datePublished":"2024-09-13T07:59:33+00:00","dateModified":"2024-09-13T08:04:03+00:00","breadcrumb":{"@id":"https:\/\/linearis-beratung.de\/en\/strategy-consulting-2\/#breadcrumb"},"inLanguage":"en-US","potentialAction":[{"@type":"ReadAction","target":["https:\/\/linearis-beratung.de\/en\/strategy-consulting-2\/"]}]},{"@type":"BreadcrumbList","@id":"https:\/\/linearis-beratung.de\/en\/strategy-consulting-2\/#breadcrumb","itemListElement":[{"@type":"ListItem","position":1,"name":"Startseite","item":"https:\/\/linearis-beratung.de\/en\/start\/"},{"@type":"ListItem","position":2,"name":"Imprint"}]},{"@type":"WebSite","@id":"https:\/\/linearis-beratung.de\/#website","url":"https:\/\/linearis-beratung.de\/","name":"Linearis Beratungs GmbH \u2013 Ihr Partner f\u00fcr Beratung in der Mobilit\u00e4tsindustrie in Deutschland","description":"Experten f\u00fcr Fachkr\u00e4fte-Recruiting, Strategie-und Organisationsberatung in der Mobilit\u00e4tsbranche in Deutschland","publisher":{"@id":"https:\/\/linearis-beratung.de\/#organization"},"potentialAction":[{"@type":"SearchAction","target":{"@type":"EntryPoint","urlTemplate":"https:\/\/linearis-beratung.de\/?s={search_term_string}"},"query-input":{"@type":"PropertyValueSpecification","valueRequired":true,"valueName":"search_term_string"}}],"inLanguage":"en-US"},{"@type":"Organization","@id":"https:\/\/linearis-beratung.de\/#organization","name":"Linearis Beratungs GmbH \u2013 Ihr Partner f\u00fcr Beratung in der Mobilit\u00e4tsindustrie in Deutschland","url":"https:\/\/linearis-beratung.de\/","logo":{"@type":"ImageObject","inLanguage":"en-US","@id":"https:\/\/linearis-beratung.de\/#\/schema\/logo\/image\/","url":"https:\/\/linearis-beratung.de\/wp-content\/uploads\/2024\/08\/Linearis-Logo.png","contentUrl":"https:\/\/linearis-beratung.de\/wp-content\/uploads\/2024\/08\/Linearis-Logo.png","width":1495,"height":415,"caption":"Linearis Beratungs GmbH \u2013 Ihr Partner f\u00fcr Beratung in der Mobilit\u00e4tsindustrie in Deutschland"},"image":{"@id":"https:\/\/linearis-beratung.de\/#\/schema\/logo\/image\/"},"sameAs":["https:\/\/www.linkedin.com\/company\/linearis-beratungs-gmbh\/","https:\/\/www.xing.com\/pages\/linearisberatungs-gmbh"]}]}},"_links":{"self":[{"href":"https:\/\/linearis-beratung.de\/en\/wp-json\/wp\/v2\/pages\/2841","targetHints":{"allow":["GET"]}}],"collection":[{"href":"https:\/\/linearis-beratung.de\/en\/wp-json\/wp\/v2\/pages"}],"about":[{"href":"https:\/\/linearis-beratung.de\/en\/wp-json\/wp\/v2\/types\/page"}],"author":[{"embeddable":true,"href":"https:\/\/linearis-beratung.de\/en\/wp-json\/wp\/v2\/users\/1"}],"replies":[{"embeddable":true,"href":"https:\/\/linearis-beratung.de\/en\/wp-json\/wp\/v2\/comments?post=2841"}],"version-history":[{"count":0,"href":"https:\/\/linearis-beratung.de\/en\/wp-json\/wp\/v2\/pages\/2841\/revisions"}],"wp:attachment":[{"href":"https:\/\/linearis-beratung.de\/en\/wp-json\/wp\/v2\/media?parent=2841"}],"curies":[{"name":"wp","href":"https:\/\/api.w.org\/{rel}","templated":true}]}}