{"id":2835,"date":"2024-06-19T07:20:04","date_gmt":"2024-06-19T07:20:04","guid":{"rendered":"https:\/\/kickelmann.com\/contact\/"},"modified":"2024-09-13T07:04:53","modified_gmt":"2024-09-13T07:04:53","slug":"contact","status":"publish","type":"page","link":"https:\/\/linearis-beratung.de\/en\/contact\/","title":{"rendered":"Contact"},"content":{"rendered":"\t\t<div data-elementor-type=\"wp-page\" data-elementor-id=\"2835\" class=\"elementor elementor-2835 elementor-1153\">\n\t\t\t\t<div class=\"elementor-element elementor-element-2f946d5 e-flex e-con-boxed e-con e-parent\" data-id=\"2f946d5\" data-element_type=\"container\" data-settings=\"{&quot;background_background&quot;:&quot;classic&quot;}\">\n\t\t\t\t\t<div class=\"e-con-inner\">\n\t\t\t\t<div class=\"elementor-element elementor-element-fe6e10e elementor-widget__width-initial elementor-widget elementor-widget-heading\" data-id=\"fe6e10e\" data-element_type=\"widget\" data-widget_type=\"heading.default\">\n\t\t\t\t<div class=\"elementor-widget-container\">\n\t\t\t\t\t<p class=\"elementor-heading-title elementor-size-default\">Contact<\/p>\t\t\t\t<\/div>\n\t\t\t\t<\/div>\n\t\t\t\t<div class=\"elementor-element elementor-element-7f34d55 elementor-widget__width-initial elementor-widget elementor-widget-heading\" data-id=\"7f34d55\" data-element_type=\"widget\" data-widget_type=\"heading.default\">\n\t\t\t\t<div class=\"elementor-widget-container\">\n\t\t\t\t\t<h1 class=\"elementor-heading-title elementor-size-default\">Contact us: We are here for you!\n\n<\/h1>\t\t\t\t<\/div>\n\t\t\t\t<\/div>\n\t\t\t\t\t<\/div>\n\t\t\t\t<\/div>\n\t\t\t\t<section class=\"elementor-section elementor-top-section elementor-element elementor-element-8n8ie91 elementor-section-content-bottom elementor-section-boxed elementor-section-height-default elementor-section-height-default\" data-id=\"8n8ie91\" data-element_type=\"section\" data-settings=\"{&quot;background_background&quot;:&quot;classic&quot;}\">\n\t\t\t\t\t\t<div class=\"elementor-container elementor-column-gap-no\">\n\t\t\t\t\t<div class=\"elementor-column elementor-col-50 elementor-top-column elementor-element elementor-element-eb02a84\" data-id=\"eb02a84\" data-element_type=\"column\" data-settings=\"{&quot;background_background&quot;:&quot;classic&quot;}\">\n\t\t\t<div class=\"elementor-widget-wrap elementor-element-populated\">\n\t\t\t\t\t\t<section class=\"elementor-section elementor-inner-section elementor-element elementor-element-6b0f6f9 elementor-section-content-top elementor-section-boxed elementor-section-height-default elementor-section-height-default\" data-id=\"6b0f6f9\" data-element_type=\"section\">\n\t\t\t\t\t\t<div class=\"elementor-container elementor-column-gap-no\">\n\t\t\t\t\t<div class=\"elementor-column elementor-col-100 elementor-inner-column elementor-element elementor-element-5fdd93b\" data-id=\"5fdd93b\" data-element_type=\"column\">\n\t\t\t<div class=\"elementor-widget-wrap elementor-element-populated\">\n\t\t\t\t\t\t<div class=\"elementor-element elementor-element-9848795 elementor-widget elementor-widget-heading\" data-id=\"9848795\" data-element_type=\"widget\" data-widget_type=\"heading.default\">\n\t\t\t\t<div class=\"elementor-widget-container\">\n\t\t\t\t\t<h2 class=\"elementor-heading-title elementor-size-default\">02324 68 36 555<\/h2>\t\t\t\t<\/div>\n\t\t\t\t<\/div>\n\t\t\t\t<div class=\"elementor-element elementor-element-21b88fc elementor-widget elementor-widget-heading\" data-id=\"21b88fc\" data-element_type=\"widget\" data-widget_type=\"heading.default\">\n\t\t\t\t<div class=\"elementor-widget-container\">\n\t\t\t\t\t<h4 class=\"elementor-heading-title elementor-size-default\"> info@linearis-beratung.de<\/h4>\t\t\t\t<\/div>\n\t\t\t\t<\/div>\n\t\t\t\t\t<\/div>\n\t\t<\/div>\n\t\t\t\t\t<\/div>\n\t\t<\/section>\n\t\t\t\t<section class=\"elementor-section elementor-inner-section elementor-element elementor-element-3da97b0 elementor-section-content-middle elementor-section-boxed elementor-section-height-default elementor-section-height-default\" data-id=\"3da97b0\" data-element_type=\"section\">\n\t\t\t\t\t\t<div class=\"elementor-container elementor-column-gap-no\">\n\t\t\t\t\t<div class=\"elementor-column elementor-col-50 elementor-inner-column elementor-element elementor-element-7708b2d\" data-id=\"7708b2d\" data-element_type=\"column\" data-settings=\"{&quot;background_background&quot;:&quot;classic&quot;}\">\n\t\t\t<div class=\"elementor-widget-wrap elementor-element-populated\">\n\t\t\t\t\t\t<div class=\"elementor-element elementor-element-e4e7475 elementor-widget elementor-widget-spacer\" data-id=\"e4e7475\" data-element_type=\"widget\" data-widget_type=\"spacer.default\">\n\t\t\t\t<div class=\"elementor-widget-container\">\n\t\t\t\t\t\t\t<div class=\"elementor-spacer\">\n\t\t\t<div class=\"elementor-spacer-inner\"><\/div>\n\t\t<\/div>\n\t\t\t\t\t\t<\/div>\n\t\t\t\t<\/div>\n\t\t\t\t\t<\/div>\n\t\t<\/div>\n\t\t\t\t<div class=\"elementor-column elementor-col-50 elementor-inner-column elementor-element elementor-element-a237e66\" data-id=\"a237e66\" data-element_type=\"column\" data-settings=\"{&quot;background_background&quot;:&quot;classic&quot;}\">\n\t\t\t<div class=\"elementor-widget-wrap elementor-element-populated\">\n\t\t\t\t\t\t<div class=\"elementor-element elementor-element-155fd0a elementor-widget elementor-widget-heading\" data-id=\"155fd0a\" data-element_type=\"widget\" data-widget_type=\"heading.default\">\n\t\t\t\t<div class=\"elementor-widget-container\">\n\t\t\t\t\t<h3 class=\"elementor-heading-title elementor-size-default\">Address:<\/h3>\t\t\t\t<\/div>\n\t\t\t\t<\/div>\n\t\t\t\t<div class=\"elementor-element elementor-element-c19642e elementor-icon-list--layout-traditional elementor-list-item-link-full_width elementor-widget elementor-widget-icon-list\" data-id=\"c19642e\" data-element_type=\"widget\" data-widget_type=\"icon-list.default\">\n\t\t\t\t<div class=\"elementor-widget-container\">\n\t\t\t\t\t\t\t<ul class=\"elementor-icon-list-items\">\n\t\t\t\t\t\t\t<li class=\"elementor-icon-list-item\">\n\t\t\t\t\t\t\t\t\t\t\t<span class=\"elementor-icon-list-icon\">\n\t\t\t\t\t\t\t<svg aria-hidden=\"true\" class=\"e-font-icon-svg e-fas-map-marker-alt\" viewBox=\"0 0 384 512\" xmlns=\"http:\/\/www.w3.org\/2000\/svg\"><path d=\"M172.268 501.67C26.97 291.031 0 269.413 0 192 0 85.961 85.961 0 192 0s192 85.961 192 192c0 77.413-26.97 99.031-172.268 309.67-9.535 13.774-29.93 13.773-39.464 0zM192 272c44.183 0 80-35.817 80-80s-35.817-80-80-80-80 35.817-80 80 35.817 80 80 80z\"><\/path><\/svg>\t\t\t\t\t\t<\/span>\n\t\t\t\t\t\t\t\t\t\t<span class=\"elementor-icon-list-text\">LINEARIS Beratungs-GmbH<br>August-Bebel-Stra\u00dfe 15, 45525 Hattingen<\/span>\n\t\t\t\t\t\t\t\t\t<\/li>\n\t\t\t\t\t\t<\/ul>\n\t\t\t\t\t\t<\/div>\n\t\t\t\t<\/div>\n\t\t\t\t\t<\/div>\n\t\t<\/div>\n\t\t\t\t\t<\/div>\n\t\t<\/section>\n\t\t\t\t\t<\/div>\n\t\t<\/div>\n\t\t\t\t<div class=\"elementor-column elementor-col-50 elementor-top-column elementor-element elementor-element-9f80f38\" data-id=\"9f80f38\" data-element_type=\"column\">\n\t\t\t<div class=\"elementor-widget-wrap elementor-element-populated\">\n\t\t\t\t\t\t<div class=\"elementor-element elementor-element-5f7f38b elementor-widget elementor-widget-google_maps\" data-id=\"5f7f38b\" data-element_type=\"widget\" data-widget_type=\"google_maps.default\">\n\t\t\t\t<div class=\"elementor-widget-container\">\n\t\t\t\t\t\t\t<div class=\"elementor-custom-embed\">\n\t\t\t<iframe loading=\"lazy\"\n\t\t\t\t\tsrc=\"https:\/\/maps.google.com\/maps?q=August-Bebel-Str%2015%2C%2045525&#038;t=m&#038;z=10&#038;output=embed&#038;iwloc=near\"\n\t\t\t\t\ttitle=\"August-Bebel-Str 15, 45525\"\n\t\t\t\t\taria-label=\"August-Bebel-Str 15, 45525\"\n\t\t\t><\/iframe>\n\t\t<\/div>\n\t\t\t\t\t\t<\/div>\n\t\t\t\t<\/div>\n\t\t\t\t\t<\/div>\n\t\t<\/div>\n\t\t\t\t\t<\/div>\n\t\t<\/section>\n\t\t\t\t<\/div>\n\t\t","protected":false},"excerpt":{"rendered":"<p>Contact Contact us: We are here for you! 02324 68 36 555 info@linearis-beratung.de Address: LINEARIS Beratungs-GmbHAugust-Bebel-Stra\u00dfe 15, 45525 Hattingen<\/p>\n","protected":false},"author":1,"featured_media":0,"parent":0,"menu_order":0,"comment_status":"closed","ping_status":"closed","template":"","meta":{"site-sidebar-layout":"no-sidebar","site-content-layout":"","ast-site-content-layout":"full-width-container","site-content-style":"default","site-sidebar-style":"default","ast-global-header-display":"","ast-banner-title-visibility":"","ast-main-header-display":"","ast-hfb-above-header-display":"","ast-hfb-below-header-display":"","ast-hfb-mobile-header-display":"","site-post-title":"disabled","ast-breadcrumbs-content":"","ast-featured-img":"disabled","footer-sml-layout":"","ast-disable-related-posts":"","theme-transparent-header-meta":"enabled","adv-header-id-meta":"","stick-header-meta":"","header-above-stick-meta":"","header-main-stick-meta":"","header-below-stick-meta":"","astra-migrate-meta-layouts":"default","ast-page-background-enabled":"default","ast-page-background-meta":{"desktop":{"background-color":"var(--ast-global-color-4)","background-image":"","background-repeat":"repeat","background-position":"center center","background-size":"auto","background-attachment":"scroll","background-type":"","background-media":"","overlay-type":"","overlay-color":"","overlay-opacity":"","overlay-gradient":""},"tablet":{"background-color":"","background-image":"","background-repeat":"repeat","background-position":"center center","background-size":"auto","background-attachment":"scroll","background-type":"","background-media":"","overlay-type":"","overlay-color":"","overlay-opacity":"","overlay-gradient":""},"mobile":{"background-color":"","background-image":"","background-repeat":"repeat","background-position":"center center","background-size":"auto","background-attachment":"scroll","background-type":"","background-media":"","overlay-type":"","overlay-color":"","overlay-opacity":"","overlay-gradient":""}},"ast-content-background-meta":{"desktop":{"background-color":"var(--ast-global-color-5)","background-image":"","background-repeat":"repeat","background-position":"center center","background-size":"auto","background-attachment":"scroll","background-type":"","background-media":"","overlay-type":"","overlay-color":"","overlay-opacity":"","overlay-gradient":""},"tablet":{"background-color":"var(--ast-global-color-5)","background-image":"","background-repeat":"repeat","background-position":"center center","background-size":"auto","background-attachment":"scroll","background-type":"","background-media":"","overlay-type":"","overlay-color":"","overlay-opacity":"","overlay-gradient":""},"mobile":{"background-color":"var(--ast-global-color-5)","background-image":"","background-repeat":"repeat","background-position":"center center","background-size":"auto","background-attachment":"scroll","background-type":"","background-media":"","overlay-type":"","overlay-color":"","overlay-opacity":"","overlay-gradient":""}},"footnotes":""},"class_list":["post-2835","page","type-page","status-publish","hentry"],"yoast_head":"<!-- This site is optimized with the Yoast SEO Premium plugin v26.4 (Yoast SEO v27.3) - https:\/\/yoast.com\/product\/yoast-seo-premium-wordpress\/ -->\n<title>Contact - Linearis Beratungs GmbH \u2013 Ihr Partner f\u00fcr Beratung in der Mobilit\u00e4tsindustrie in Deutschland<\/title>\n<meta name=\"robots\" content=\"index, follow, max-snippet:-1, max-image-preview:large, max-video-preview:-1\" \/>\n<link rel=\"canonical\" href=\"https:\/\/linearis-beratung.de\/en\/contact\/\" \/>\n<meta property=\"og:locale\" content=\"en_US\" \/>\n<meta property=\"og:type\" content=\"article\" \/>\n<meta property=\"og:title\" content=\"Contact\" \/>\n<meta property=\"og:description\" content=\"Contact Contact us: We are here for you! 02324 68 36 555 info@linearis-beratung.de Address: LINEARIS Beratungs-GmbHAugust-Bebel-Stra\u00dfe 15, 45525 Hattingen\" \/>\n<meta property=\"og:url\" content=\"https:\/\/linearis-beratung.de\/en\/contact\/\" \/>\n<meta property=\"og:site_name\" content=\"Linearis Beratungs GmbH \u2013 Ihr Partner f\u00fcr Beratung in der Mobilit\u00e4tsindustrie in Deutschland\" \/>\n<meta property=\"article:modified_time\" content=\"2024-09-13T07:04:53+00:00\" \/>\n<meta property=\"og:image\" content=\"https:\/\/linearis-beratung.de\/wp-content\/uploads\/2024\/08\/iStock-959376512.jpg\" \/>\n\t<meta property=\"og:image:width\" content=\"2119\" \/>\n\t<meta property=\"og:image:height\" content=\"1414\" \/>\n\t<meta property=\"og:image:type\" content=\"image\/jpeg\" \/>\n<meta name=\"twitter:card\" content=\"summary_large_image\" \/>\n<script type=\"application\/ld+json\" class=\"yoast-schema-graph\">{\"@context\":\"https:\\\/\\\/schema.org\",\"@graph\":[{\"@type\":\"WebPage\",\"@id\":\"https:\\\/\\\/linearis-beratung.de\\\/en\\\/contact\\\/\",\"url\":\"https:\\\/\\\/linearis-beratung.de\\\/en\\\/contact\\\/\",\"name\":\"Contact - Linearis Beratungs GmbH \u2013 Ihr Partner f\u00fcr Beratung in der Mobilit\u00e4tsindustrie in Deutschland\",\"isPartOf\":{\"@id\":\"https:\\\/\\\/linearis-beratung.de\\\/#website\"},\"datePublished\":\"2024-06-19T07:20:04+00:00\",\"dateModified\":\"2024-09-13T07:04:53+00:00\",\"breadcrumb\":{\"@id\":\"https:\\\/\\\/linearis-beratung.de\\\/en\\\/contact\\\/#breadcrumb\"},\"inLanguage\":\"en-US\",\"potentialAction\":[{\"@type\":\"ReadAction\",\"target\":[\"https:\\\/\\\/linearis-beratung.de\\\/en\\\/contact\\\/\"]}]},{\"@type\":\"BreadcrumbList\",\"@id\":\"https:\\\/\\\/linearis-beratung.de\\\/en\\\/contact\\\/#breadcrumb\",\"itemListElement\":[{\"@type\":\"ListItem\",\"position\":1,\"name\":\"Startseite\",\"item\":\"https:\\\/\\\/linearis-beratung.de\\\/en\\\/start\\\/\"},{\"@type\":\"ListItem\",\"position\":2,\"name\":\"Contact\"}]},{\"@type\":\"WebSite\",\"@id\":\"https:\\\/\\\/linearis-beratung.de\\\/#website\",\"url\":\"https:\\\/\\\/linearis-beratung.de\\\/\",\"name\":\"Linearis Beratungs GmbH \u2013 Ihr Partner f\u00fcr Beratung in der Mobilit\u00e4tsindustrie in Deutschland\",\"description\":\"Experten f\u00fcr Fachkr\u00e4fte-Recruiting, Strategie-und Organisationsberatung in der Mobilit\u00e4tsbranche in Deutschland\",\"publisher\":{\"@id\":\"https:\\\/\\\/linearis-beratung.de\\\/#organization\"},\"potentialAction\":[{\"@type\":\"SearchAction\",\"target\":{\"@type\":\"EntryPoint\",\"urlTemplate\":\"https:\\\/\\\/linearis-beratung.de\\\/?s={search_term_string}\"},\"query-input\":{\"@type\":\"PropertyValueSpecification\",\"valueRequired\":true,\"valueName\":\"search_term_string\"}}],\"inLanguage\":\"en-US\"},{\"@type\":\"Organization\",\"@id\":\"https:\\\/\\\/linearis-beratung.de\\\/#organization\",\"name\":\"Linearis Beratungs GmbH \u2013 Ihr Partner f\u00fcr Beratung in der Mobilit\u00e4tsindustrie in Deutschland\",\"url\":\"https:\\\/\\\/linearis-beratung.de\\\/\",\"logo\":{\"@type\":\"ImageObject\",\"inLanguage\":\"en-US\",\"@id\":\"https:\\\/\\\/linearis-beratung.de\\\/#\\\/schema\\\/logo\\\/image\\\/\",\"url\":\"https:\\\/\\\/linearis-beratung.de\\\/wp-content\\\/uploads\\\/2024\\\/08\\\/Linearis-Logo.png\",\"contentUrl\":\"https:\\\/\\\/linearis-beratung.de\\\/wp-content\\\/uploads\\\/2024\\\/08\\\/Linearis-Logo.png\",\"width\":1495,\"height\":415,\"caption\":\"Linearis Beratungs GmbH \u2013 Ihr Partner f\u00fcr Beratung in der Mobilit\u00e4tsindustrie in Deutschland\"},\"image\":{\"@id\":\"https:\\\/\\\/linearis-beratung.de\\\/#\\\/schema\\\/logo\\\/image\\\/\"},\"sameAs\":[\"https:\\\/\\\/www.linkedin.com\\\/company\\\/linearis-beratungs-gmbh\\\/\",\"https:\\\/\\\/www.xing.com\\\/pages\\\/linearisberatungs-gmbh\"]}]}<\/script>\n<!-- \/ Yoast SEO Premium plugin. -->","yoast_head_json":{"title":"Contact - Linearis Beratungs GmbH \u2013 Ihr Partner f\u00fcr Beratung in der Mobilit\u00e4tsindustrie in Deutschland","robots":{"index":"index","follow":"follow","max-snippet":"max-snippet:-1","max-image-preview":"max-image-preview:large","max-video-preview":"max-video-preview:-1"},"canonical":"https:\/\/linearis-beratung.de\/en\/contact\/","og_locale":"en_US","og_type":"article","og_title":"Contact","og_description":"Contact Contact us: We are here for you! 02324 68 36 555 info@linearis-beratung.de Address: LINEARIS Beratungs-GmbHAugust-Bebel-Stra\u00dfe 15, 45525 Hattingen","og_url":"https:\/\/linearis-beratung.de\/en\/contact\/","og_site_name":"Linearis Beratungs GmbH \u2013 Ihr Partner f\u00fcr Beratung in der Mobilit\u00e4tsindustrie in Deutschland","article_modified_time":"2024-09-13T07:04:53+00:00","og_image":[{"width":2119,"height":1414,"url":"https:\/\/linearis-beratung.de\/wp-content\/uploads\/2024\/08\/iStock-959376512.jpg","type":"image\/jpeg"}],"twitter_card":"summary_large_image","schema":{"@context":"https:\/\/schema.org","@graph":[{"@type":"WebPage","@id":"https:\/\/linearis-beratung.de\/en\/contact\/","url":"https:\/\/linearis-beratung.de\/en\/contact\/","name":"Contact - Linearis Beratungs GmbH \u2013 Ihr Partner f\u00fcr Beratung in der Mobilit\u00e4tsindustrie in Deutschland","isPartOf":{"@id":"https:\/\/linearis-beratung.de\/#website"},"datePublished":"2024-06-19T07:20:04+00:00","dateModified":"2024-09-13T07:04:53+00:00","breadcrumb":{"@id":"https:\/\/linearis-beratung.de\/en\/contact\/#breadcrumb"},"inLanguage":"en-US","potentialAction":[{"@type":"ReadAction","target":["https:\/\/linearis-beratung.de\/en\/contact\/"]}]},{"@type":"BreadcrumbList","@id":"https:\/\/linearis-beratung.de\/en\/contact\/#breadcrumb","itemListElement":[{"@type":"ListItem","position":1,"name":"Startseite","item":"https:\/\/linearis-beratung.de\/en\/start\/"},{"@type":"ListItem","position":2,"name":"Contact"}]},{"@type":"WebSite","@id":"https:\/\/linearis-beratung.de\/#website","url":"https:\/\/linearis-beratung.de\/","name":"Linearis Beratungs GmbH \u2013 Ihr Partner f\u00fcr Beratung in der Mobilit\u00e4tsindustrie in Deutschland","description":"Experten f\u00fcr Fachkr\u00e4fte-Recruiting, Strategie-und Organisationsberatung in der Mobilit\u00e4tsbranche in Deutschland","publisher":{"@id":"https:\/\/linearis-beratung.de\/#organization"},"potentialAction":[{"@type":"SearchAction","target":{"@type":"EntryPoint","urlTemplate":"https:\/\/linearis-beratung.de\/?s={search_term_string}"},"query-input":{"@type":"PropertyValueSpecification","valueRequired":true,"valueName":"search_term_string"}}],"inLanguage":"en-US"},{"@type":"Organization","@id":"https:\/\/linearis-beratung.de\/#organization","name":"Linearis Beratungs GmbH \u2013 Ihr Partner f\u00fcr Beratung in der Mobilit\u00e4tsindustrie in Deutschland","url":"https:\/\/linearis-beratung.de\/","logo":{"@type":"ImageObject","inLanguage":"en-US","@id":"https:\/\/linearis-beratung.de\/#\/schema\/logo\/image\/","url":"https:\/\/linearis-beratung.de\/wp-content\/uploads\/2024\/08\/Linearis-Logo.png","contentUrl":"https:\/\/linearis-beratung.de\/wp-content\/uploads\/2024\/08\/Linearis-Logo.png","width":1495,"height":415,"caption":"Linearis Beratungs GmbH \u2013 Ihr Partner f\u00fcr Beratung in der Mobilit\u00e4tsindustrie in Deutschland"},"image":{"@id":"https:\/\/linearis-beratung.de\/#\/schema\/logo\/image\/"},"sameAs":["https:\/\/www.linkedin.com\/company\/linearis-beratungs-gmbh\/","https:\/\/www.xing.com\/pages\/linearisberatungs-gmbh"]}]}},"_links":{"self":[{"href":"https:\/\/linearis-beratung.de\/en\/wp-json\/wp\/v2\/pages\/2835","targetHints":{"allow":["GET"]}}],"collection":[{"href":"https:\/\/linearis-beratung.de\/en\/wp-json\/wp\/v2\/pages"}],"about":[{"href":"https:\/\/linearis-beratung.de\/en\/wp-json\/wp\/v2\/types\/page"}],"author":[{"embeddable":true,"href":"https:\/\/linearis-beratung.de\/en\/wp-json\/wp\/v2\/users\/1"}],"replies":[{"embeddable":true,"href":"https:\/\/linearis-beratung.de\/en\/wp-json\/wp\/v2\/comments?post=2835"}],"version-history":[{"count":0,"href":"https:\/\/linearis-beratung.de\/en\/wp-json\/wp\/v2\/pages\/2835\/revisions"}],"wp:attachment":[{"href":"https:\/\/linearis-beratung.de\/en\/wp-json\/wp\/v2\/media?parent=2835"}],"curies":[{"name":"wp","href":"https:\/\/api.w.org\/{rel}","templated":true}]}}